{"id":3036,"date":"2021-08-27T11:07:30","date_gmt":"2021-08-27T10:07:30","guid":{"rendered":"https:\/\/www.tehnovar.si\/financna-podpora-evropske-unije\/"},"modified":"2021-10-18T12:38:39","modified_gmt":"2021-10-18T10:38:39","slug":"einfuehrung-des-e-business-des-unternehmens-tehnovar-d-o-o-in-auslaendischen-maerkten","status":"publish","type":"page","link":"https:\/\/www.tehnovar.si\/de\/einfuehrung-des-e-business-des-unternehmens-tehnovar-d-o-o-in-auslaendischen-maerkten\/","title":{"rendered":"Einf\u00fchrung des e-business des unternehmens Tehnovar d.o.o. in ausl\u00e4ndischen m\u00e4rkten"},"content":{"rendered":"<section id=\"bt_bb_section69f0e5d18a504\" class=\"bt_bb_section bt_bb_color_scheme_11 bt_bb_layout_boxed_1200 bt_bb_vertical_align_top bt_bb_background_overlay_dark_solid bt_bb_top_spacing_extra_large bt_bb_bottom_spacing_large bt-dark-skin\" style=\"; --section-primary-color:#ffffff; --section-secondary-color:#afafaf;\" data-bt-override-class=\"null\"><div class=\"bt_bb_background_image_holder_wrapper\"><div class=\"bt_bb_background_image_holder btLazyLoadBackground\"  data-background_image_src=\"https:\/\/www.tehnovar.si\/wp-content\/uploads\/2021\/08\/istockphoto-941155190-170667a.jpg\" data-parallax-zoom-start=\"1\" data-parallax-zoom-end=\"1\" data-parallax-blur-start=\"0\" data-parallax-blur-end=\"0\" data-parallax-opacity-start=\"1\" data-parallax-opacity-end=\"1\" style=\" background-image: url(&#039;https:\/\/www.tehnovar.si\/wp-content\/plugins\/bold-page-builder\/img\/blank.gif&#039;);\"><\/div><\/div><div class=\"bt_bb_port\"><div class=\"bt_bb_cell\"><div class=\"bt_bb_cell_inner\"><div class=\"bt_bb_row_wrapper\"><div  class=\"bt_bb_row\"  data-bt-override-class=\"{}\"><div  class=\"bt_bb_column col-xxl-6 col-xl-6 bt_bb_vertical_align_top bt_bb_align_left bt_bb_padding_normal bt_bb_animation_fade_in bt_bb_animation_zoom_out animate\"  data-width=\"6\" data-bt-override-class=\"{}\"><div class=\"bt_bb_column_content\"><div class=\"bt_bb_column_content_inner\"><header class=\"bt_bb_headline bt_bb_dash_top bt_bb_size_large bt_bb_align_inherit\" data-bt-override-class=\"null\"><h1><span class=\"bt_bb_headline_content\"><span>Einf\u00fchrung des e-business des unternehmens Tehnovar d.o.o. in ausl\u00e4ndischen m\u00e4rkten<span class=\"bt_bb_outline_text bt_bb_outline_text_align_left bt_bb_outline_text_size_400\"><span>FPEU<\/span><\/span><\/span><\/span><\/h1><\/header><div class=\"bt_bb_separator bt_bb_border_style_none bt_bb_bottom_spacing_60\" data-bt-override-class=\"null\"><\/div><\/div><\/div><\/div><div  class=\"bt_bb_column col-xxl-6 col-xl-6 bt_bb_vertical_align_top bt_bb_align_right bt_bb_padding_40 bt_bb_animation_fade_in bt_bb_animation_zoom_out animate\"  data-width=\"6\" data-bt-override-class=\"{}\"><div class=\"bt_bb_column_content\"><div class=\"bt_bb_column_content_inner\"><\/div><\/div><\/div><\/div><\/div><\/div><!-- cell_inner --><\/div><!-- cell --><\/div><!-- port --><\/section><section id=\"bt_bb_section69f0e5d18a965\" class=\"bt_bb_section bt_bb_layout_boxed_1200\"  data-bt-override-class=\"null\"><div class=\"bt_bb_port\"><div class=\"bt_bb_cell\"><div class=\"bt_bb_cell_inner\"><div class=\"bt_bb_row_wrapper\"><div  class=\"bt_bb_row\"  data-bt-override-class=\"{}\"><div  class=\"bt_bb_column col-xxl-12 col-xl-12 col-xs-12 col-sm-12 col-md-12 col-lg-12 bt_bb_vertical_align_top bt_bb_align_left bt_bb_padding_normal\"  data-width=\"12\" data-bt-override-class=\"{}\"><div class=\"bt_bb_column_content\"><div class=\"bt_bb_column_content_inner\"><div class=\"bt_bb_separator bt_bb_border_style_none bt_bb_bottom_spacing_60\" data-bt-override-class=\"null\"><\/div><div  class=\"bt_bb_text\" ><p>Name der Operation: <strong>EINF\u00dcHRUNG DES E-BUSINESS DES UNTERNEHMENS<\/strong><strong> TEHNOVAR D.O.O.IN AUSL\u00c4NDISCHEN M\u00c4RKTEN<\/strong><\/p>\n<p>Abk\u00fcrzung der Operation: <strong>E-BUSINESS\u00a0TEHNOVAR D.O.O.<\/strong><\/p>\n<p>TEHNOVAR D.O.O. hat sich erfolgreich f\u00fcr die \u00f6ffentliche Ausschreibung zur Einrichtung oder Aufr\u00fcstung des elektronischen Gesch\u00e4ftsverkehrs in KMU im Zeitraum 2019-2022 \u201cE-COMMERCE 2019-2022\u201d beworben<\/p>\n<p><strong>Beschreibung der Operation<\/strong><\/p>\n<p>Im Rahmen der durch einen EU-Zuschuss kofinanzierten Operation wurden folgende Ma\u00dfnahmen ergriffen, um die Wettbewerbsf\u00e4higkeit des Unternehmens auf ausl\u00e4ndischen M\u00e4rkten zu verbessern:<\/p>\n<ul>\n<li>Elektronischer Austausch zwischen Partnern,<\/li>\n<li>Digitalisierung von Messeauftritten,<\/li>\n<li>Websites f\u00fcr ausl\u00e4ndische M\u00e4rkte,<\/li>\n<li>Produktverkaufsvideo,<\/li>\n<li>Kompetenzaufbau &#8211; Ausbildung.<\/li>\n<\/ul>\n<p><strong>Zweck und Ziele der Operation<\/strong><\/p>\n<p>Ziel der Ausschreibung ist die Unterst\u00fctzung von KMU durch die Kofinanzierung der f\u00f6rderf\u00e4higen Kosten f\u00fcr die Einrichtung oder Modernisierung des elektronischen Handels, der problemlos in globale Wertsch\u00f6pfungsketten und neue M\u00e4rkte eintreten kann, die internationale Wettbewerbsf\u00e4higkeit ihres Unternehmens erh\u00f6ht, die Interaktion mit Unternehmen verbessert und beschleunigt Partner im Ausland, sie senden und sammeln Informationen effizienter und verbessern die Beziehungen in der gesamten Kette.<\/p>\n<p>Der Zweck der Operation bestand darin, die Wettbewerbsf\u00e4higkeit und Sichtbarkeit von TEHNOVAR D.O.O. zu verbessern. durch moderne elektronische Pr\u00e4senz in ausl\u00e4ndischen M\u00e4rkten und elektronische Unterst\u00fctzung von Partnern in ausl\u00e4ndischen M\u00e4rkten.<\/p>\n<p>Ziel der Operation war es, die digitale Pr\u00e4senz des Unternehmens durch eine mehrsprachige Website mit einzigartig gestaltetem Erscheinungsbild und Showrooms zu verbessern, Inhalte f\u00fcr diese Portale bereitzustellen \u2013 insbesondere Produktverkaufsvideos, einen elektronischen Datenaustausch mit Kunden und Online-Shop aufzubauen und die Mitarbeiter zu schulen neue Wege gehen, die Wertsch\u00f6pfung durch Industrie 4.0 im Auslandsgesch\u00e4ft verstehen und mit Hilfe moderner E-Tools vermarkten.<\/p>\n<p><strong>Finanzielle Unterst\u00fctzung<\/strong><\/p>\n<p>Die Operation wird teilweise von der EU aus dem Europ\u00e4ischen Fonds f\u00fcr regionale Entwicklung finanziert. Die Operation wird im Rahmen des operationellen Programms zur Umsetzung der europ\u00e4ischen Koh\u00e4sionspolitik im Zeitraum 2014-2020 durchgef\u00fchrt. Der Gesamtwert der Ma\u00dfnahme betr\u00e4gt 51.850,00 EUR (einschlie\u00dflich Mehrwertsteuer) und die Kofinanzierung bel\u00e4uft sich auf 29.750,00 EUR.<\/p>\n<p><strong>Ergebnisse der Operation<\/strong><\/p>\n<p>Mit Hilfe der Operation haben wir das E-Business von\u00a0 TEHNOVAR D.O.O. umfassend etabliert. und machen Sie im Bereich E-Support einen Schritt weiter f\u00fcr unsere Kunden und Abonnenten. Die \u00dcbergangsgesellschaft war online nicht pr\u00e4sent. Im aktuellen Kontext der Covid-19-Pandemie ist diese Art der Unterst\u00fctzung umso wichtiger. Die neue Website in mehreren Sprachen und der Online-Shop haben ein einzigartiges Erscheinungsbild. Es wurden digitale Showrooms eingerichtet, in denen unsere bestehenden und potenziellen Kunden auf Pr\u00e4sentationen, Videos und andere Materialien zugreifen k\u00f6nnen.<\/p>\n<p>Durch Ma\u00dfnahmen im Betrieb unterst\u00fctzte und etablierte das Unternehmen umfassend die Gesch\u00e4ftsprozesse und die IT-Infrastruktur durch Einf\u00fchrung verschiedener Informationstechnologien (e-Austausch von Dokumentationen, mehrsprachiger Internetauftritt, fremdsprachiger Online-Shop, Digitalisierung von Messeauftritten, Videopr\u00e4sentationen). Kultur und digitale Kompetenzen und erhalten so einen Wettbewerbsvorteil in der digitalen Wirtschaft. Die Einf\u00fchrung des E-Commerce wird es dem Unternehmen erm\u00f6glichen, die Erbringung von Dienstleistungen und den Vertrieb zu beschleunigen und direkt mit den Kunden in Kontakt zu treten.<\/p>\n<p>Ziel der Einf\u00fchrung von E-Commerce ist in erster Linie die St\u00e4rkung der Zusammenarbeit mit Kunden aus dem Ausland. Wir haben vor allem unsere Kompetenzen durch komplexe Schulungen erh\u00f6ht und unsere Mitarbeiter im Umgang mit neuen Tools und Ans\u00e4tzen auch aus Sicht der Industrie 4.0 geschult.<\/p>\n<p><strong>Weitere Informationen zu Stipendien und EU-Mitteln finden Sie unter\u00a0 <\/strong><a href=\"http:\/\/www.eu-skladi.si\/\"><strong>www.eu-skladi.si<\/strong><\/a><\/p>\n<p><strong>Die Operation wird von der Republik Slowenien und der Europ\u00e4ischen Union aus dem Europ\u00e4ischen Fonds f\u00fcr regionale Entwicklung kofinanziert.<\/strong><\/p>\n<p><strong><a href=\"https:\/\/www.tehnovar.si\/wp-content\/uploads\/2021\/08\/EU-MGRT.jpg\" target=\"_blank\" rel=\"noopener\"><img loading=\"lazy\" decoding=\"async\" class=\"alignnone wp-image-2882\" src=\"https:\/\/www.tehnovar.si\/\/wp-content\/uploads\/2021\/08\/EU-MGRT.jpg\" alt=\"\" width=\"303\" height=\"124\" srcset=\"https:\/\/www.tehnovar.si\/wp-content\/uploads\/2021\/08\/EU-MGRT.jpg 366w, https:\/\/www.tehnovar.si\/wp-content\/uploads\/2021\/08\/EU-MGRT-320x131.jpg 320w\" sizes=\"auto, (max-width: 303px) 100vw, 303px\" \/><\/a> <img loading=\"lazy\" decoding=\"async\" class=\"alignnone size-medium wp-image-2885\" src=\"https:\/\/www.tehnovar.si\/\/wp-content\/uploads\/2021\/08\/Spirit-MGRT.png\" alt=\"\" width=\"374\" height=\"121\" srcset=\"https:\/\/www.tehnovar.si\/wp-content\/uploads\/2021\/08\/Spirit-MGRT.png 374w, https:\/\/www.tehnovar.si\/wp-content\/uploads\/2021\/08\/Spirit-MGRT-320x104.png 320w\" sizes=\"auto, (max-width: 374px) 100vw, 374px\" \/> <img loading=\"lazy\" decoding=\"async\" class=\"alignnone size-medium wp-image-2888\" src=\"https:\/\/www.tehnovar.si\/\/wp-content\/uploads\/2021\/08\/MGRT.png\" alt=\"\" width=\"468\" height=\"114\" srcset=\"https:\/\/www.tehnovar.si\/wp-content\/uploads\/2021\/08\/MGRT.png 468w, https:\/\/www.tehnovar.si\/wp-content\/uploads\/2021\/08\/MGRT-320x78.png 320w\" sizes=\"auto, (max-width: 468px) 100vw, 468px\" \/><\/strong><\/p>\n<\/div><div class=\"bt_bb_separator bt_bb_border_style_none bt_bb_bottom_spacing_60\" data-bt-override-class=\"null\"><\/div><\/div><\/div><\/div><\/div><\/div><\/div><!-- cell_inner --><\/div><!-- cell --><\/div><!-- port --><\/section>","protected":false},"excerpt":{"rendered":"","protected":false},"author":2,"featured_media":0,"parent":0,"menu_order":0,"comment_status":"closed","ping_status":"closed","template":"","meta":{"footnotes":""},"class_list":["post-3036","page","type-page","status-publish","hentry"],"acf":[],"_links":{"self":[{"href":"https:\/\/www.tehnovar.si\/de\/wp-json\/wp\/v2\/pages\/3036","targetHints":{"allow":["GET"]}}],"collection":[{"href":"https:\/\/www.tehnovar.si\/de\/wp-json\/wp\/v2\/pages"}],"about":[{"href":"https:\/\/www.tehnovar.si\/de\/wp-json\/wp\/v2\/types\/page"}],"author":[{"embeddable":true,"href":"https:\/\/www.tehnovar.si\/de\/wp-json\/wp\/v2\/users\/2"}],"replies":[{"embeddable":true,"href":"https:\/\/www.tehnovar.si\/de\/wp-json\/wp\/v2\/comments?post=3036"}],"version-history":[{"count":10,"href":"https:\/\/www.tehnovar.si\/de\/wp-json\/wp\/v2\/pages\/3036\/revisions"}],"predecessor-version":[{"id":3050,"href":"https:\/\/www.tehnovar.si\/de\/wp-json\/wp\/v2\/pages\/3036\/revisions\/3050"}],"wp:attachment":[{"href":"https:\/\/www.tehnovar.si\/de\/wp-json\/wp\/v2\/media?parent=3036"}],"curies":[{"name":"wp","href":"https:\/\/api.w.org\/{rel}","templated":true}]}}